{"id":1021,"date":"2022-08-31T18:07:28","date_gmt":"2022-08-31T23:07:28","guid":{"rendered":"https:\/\/milhua.com.pe\/?page_id=1021"},"modified":"2022-08-31T18:10:27","modified_gmt":"2022-08-31T23:10:27","slug":"politica-de-devoluciones-y-reembolsos","status":"publish","type":"page","link":"https:\/\/milhua.com.pe\/en\/politica-de-devoluciones-y-reembolsos\/","title":{"rendered":"Pol\u00edtica de devoluciones y reembolsos"},"content":{"rendered":"\r\n<p>Si desea realizar el <strong>cambio o devoluci\u00f3n<\/strong> de un producto adquirido en <strong>nuestras tienda online<\/strong>, puede realizarlo en un <strong>plazo de 30 d\u00edas calendario<\/strong> despu\u00e9s de realizada la compra.<\/p>\r\n<p>Para <strong>devoluci\u00f3n de dinero<\/strong>, el plazo ser\u00e1 de <strong>07 d\u00edas desde la emisi\u00f3n de la boleta de compra<\/strong>. Pasado ese tiempo no habr\u00e1 opci\u00f3n a devoluci\u00f3n de dinero; se emitir\u00e1 una nota de cr\u00e9dito.<\/p>\r\n<h2>Los requisitos para que proceda el cambio y\/o devoluci\u00f3n son los siguientes:<\/h2>\r\n<ol>\r\n<li>El producto debe estar nuevo, sin se\u00f1ales de uso y con sus accesorios completos.<\/li>\r\n<li>El producto debe contar con empaques*, etiquetas y manuales originales.<\/li>\r\n<li>Los productos no deben haber sido armados ni instalados.<\/li>\r\n<li>Presentar el comprobante de compra (Boleta\/Factura electr\u00f3nica) o el Ticket de Cambio.\r\n<ul>\r\n<li>Presentar documento de identidad: DNI, Carnet de Extranjer\u00eda, Pasaporte u otro autorizado por la regulaci\u00f3n nacional vigente.<\/li>\r\n<\/ul>\r\n<\/li>\r\n<\/ol>\r\n<h2>Para realizar un cambio o devoluci\u00f3n<\/h2>\r\n<ul>\r\n<li>Deber\u00e1 acercarse con el producto a nuestro almac\u00e9n Av. Intihuatana 843 &#8211; Piso 3. Urb. Higuereta &#8211; Surco Lima, o tambi\u00e9n, llamando al +51 971 165 465 o enviar un correo a ventas@milhua.com.pe.<\/li>\r\n<li>Revisaremos que el producto cumpla con los requisitos antes mencionados.<\/li>\r\n<li>Si es un cambio, podr\u00e1 llevarse el nuevo producto, siempre y cuando contemos con stock en tienda al momento del cambio, de lo contrario le avisaremos cuando contemos con el producto para su recojo o env\u00edo.<\/li>\r\n<li>Para una devoluci\u00f3n de dinero, \u00fanicamente la podr\u00e1 solicitar la persona que realiz\u00f3 la compra y que est\u00e9 registrada en el documento tributario (boleta o factura) dentro de los 7 d\u00edas posteriores a la emisi\u00f3n del documento de venta.<\/li>\r\n<li>Al hacer una devoluci\u00f3n, pasados los 7 d\u00edas de compra, se emitir\u00e1 una nota de cr\u00e9dito con validez de 30 d\u00edas para consumirla en cualquiera de nuestras tiendas. Es indispensable presentar la nota de cr\u00e9dito en f\u00edsico al momento de la compra.<\/li>\r\n<li>Para devoluci\u00f3n de dinero por compras efectuadas con efectivo o transferencia bancaria, el reembolso se realizar\u00e1 por medio de una transferencia a la cuenta bancaria del titular de la compra en un plazo m\u00e1ximo de 15 d\u00edas h\u00e1biles contados desde que el cliente facilite los datos requeridos para efectuar dicha devoluci\u00f3n.<\/li>\r\n<\/ul>\r\n<h2>Devoluci\u00f3n de dinero<\/h2>\r\n<ul>\r\n<li>Para devoluci\u00f3n de dinero por compras efectuadas con tarjeta de cr\u00e9dito, d\u00e9bito o m\u00e9todos que permitan la devoluci\u00f3n del dinero a trav\u00e9s de una cuenta asociada, se har\u00e1 el reembolso a la tarjeta o a la cuenta asociada. El plazo estimado de abono a la tarjeta corre por cuenta del banco emisor de la tarjeta.<\/li>\r\n<li>En caso el cliente haya hecho la compra con tarjeta de cr\u00e9dito y no desee esperar el tiempo que tarda la pasarela de pagos en abonar el dinero en su cuenta, podemos hacer una transferencia a su cuenta descontando la comisi\u00f3n que cobra el agente y que es el 5% del monto facturado.<\/li>\r\n<\/ul>\r\n","protected":false},"excerpt":{"rendered":"<p>Si desea realizar el cambio o devoluci\u00f3n de un producto adquirido en nuestras tienda online, puede realizarlo en un plazo de 30 d\u00edas calendario despu\u00e9s de realizada la compra. Para devoluci\u00f3n de dinero, el plazo ser\u00e1 de 07 d\u00edas desde la emisi\u00f3n de la boleta de compra. Pasado ese tiempo no habr\u00e1 opci\u00f3n a devoluci\u00f3n&#8230;<\/p>\n","protected":false},"author":1,"featured_media":0,"parent":0,"menu_order":0,"comment_status":"closed","ping_status":"closed","template":"politicas.php","meta":[],"yoast_head":"<!-- This site is optimized with the Yoast SEO plugin v17.2 - https:\/\/yoast.com\/wordpress\/plugins\/seo\/ -->\n<meta name=\"robots\" content=\"index, follow, max-snippet:-1, max-image-preview:large, max-video-preview:-1\" \/>\n<link rel=\"canonical\" href=\"https:\/\/milhua.com.pe\/politica-de-devoluciones-y-reembolsos\/\" \/>\n<meta property=\"og:locale\" content=\"en_US\" \/>\n<meta property=\"og:type\" content=\"article\" \/>\n<meta property=\"og:title\" content=\"Pol\u00edtica de devoluciones y reembolsos - MILHUA\" \/>\n<meta property=\"og:description\" content=\"Si desea realizar el cambio o devoluci\u00f3n de un producto adquirido en nuestras tienda online, puede realizarlo en un plazo de 30 d\u00edas calendario despu\u00e9s de realizada la compra. Para devoluci\u00f3n de dinero, el plazo ser\u00e1 de 07 d\u00edas desde la emisi\u00f3n de la boleta de compra. Pasado ese tiempo no habr\u00e1 opci\u00f3n a devoluci\u00f3n...\" \/>\n<meta property=\"og:url\" content=\"https:\/\/milhua.com.pe\/politica-de-devoluciones-y-reembolsos\/\" \/>\n<meta property=\"og:site_name\" content=\"MILHUA\" \/>\n<meta property=\"article:modified_time\" content=\"2022-08-31T23:10:27+00:00\" \/>\n<meta name=\"twitter:card\" content=\"summary_large_image\" \/>\n<meta name=\"twitter:label1\" content=\"Est. reading time\" \/>\n\t<meta name=\"twitter:data1\" content=\"3 minutes\" \/>\n<script type=\"application\/ld+json\" class=\"yoast-schema-graph\">{\"@context\":\"https:\/\/schema.org\",\"@graph\":[{\"@type\":\"WebSite\",\"@id\":\"https:\/\/milhua.com.pe\/#website\",\"url\":\"https:\/\/milhua.com.pe\/\",\"name\":\"MILHUA\",\"description\":\"Prendas y accesorios textiles\",\"potentialAction\":[{\"@type\":\"SearchAction\",\"target\":{\"@type\":\"EntryPoint\",\"urlTemplate\":\"https:\/\/milhua.com.pe\/?s={search_term_string}\"},\"query-input\":\"required name=search_term_string\"}],\"inLanguage\":\"en-US\"},{\"@type\":\"WebPage\",\"@id\":\"https:\/\/milhua.com.pe\/politica-de-devoluciones-y-reembolsos\/#webpage\",\"url\":\"https:\/\/milhua.com.pe\/politica-de-devoluciones-y-reembolsos\/\",\"name\":\"Pol\\u00edtica de devoluciones y reembolsos - MILHUA\",\"isPartOf\":{\"@id\":\"https:\/\/milhua.com.pe\/#website\"},\"datePublished\":\"2022-08-31T23:07:28+00:00\",\"dateModified\":\"2022-08-31T23:10:27+00:00\",\"breadcrumb\":{\"@id\":\"https:\/\/milhua.com.pe\/politica-de-devoluciones-y-reembolsos\/#breadcrumb\"},\"inLanguage\":\"en-US\",\"potentialAction\":[{\"@type\":\"ReadAction\",\"target\":[\"https:\/\/milhua.com.pe\/politica-de-devoluciones-y-reembolsos\/\"]}]},{\"@type\":\"BreadcrumbList\",\"@id\":\"https:\/\/milhua.com.pe\/politica-de-devoluciones-y-reembolsos\/#breadcrumb\",\"itemListElement\":[{\"@type\":\"ListItem\",\"position\":1,\"name\":\"Pol\\u00edtica de devoluciones y reembolsos\"}]}]}<\/script>\n<!-- \/ Yoast SEO plugin. -->","yoast_head_json":{"robots":{"index":"index","follow":"follow","max-snippet":"max-snippet:-1","max-image-preview":"max-image-preview:large","max-video-preview":"max-video-preview:-1"},"canonical":"https:\/\/milhua.com.pe\/politica-de-devoluciones-y-reembolsos\/","og_locale":"en_US","og_type":"article","og_title":"Pol\u00edtica de devoluciones y reembolsos - MILHUA","og_description":"Si desea realizar el cambio o devoluci\u00f3n de un producto adquirido en nuestras tienda online, puede realizarlo en un plazo de 30 d\u00edas calendario despu\u00e9s de realizada la compra. Para devoluci\u00f3n de dinero, el plazo ser\u00e1 de 07 d\u00edas desde la emisi\u00f3n de la boleta de compra. Pasado ese tiempo no habr\u00e1 opci\u00f3n a devoluci\u00f3n...","og_url":"https:\/\/milhua.com.pe\/politica-de-devoluciones-y-reembolsos\/","og_site_name":"MILHUA","article_modified_time":"2022-08-31T23:10:27+00:00","twitter_card":"summary_large_image","twitter_misc":{"Est. reading time":"3 minutes"},"schema":{"@context":"https:\/\/schema.org","@graph":[{"@type":"WebSite","@id":"https:\/\/milhua.com.pe\/#website","url":"https:\/\/milhua.com.pe\/","name":"MILHUA","description":"Prendas y accesorios textiles","potentialAction":[{"@type":"SearchAction","target":{"@type":"EntryPoint","urlTemplate":"https:\/\/milhua.com.pe\/?s={search_term_string}"},"query-input":"required name=search_term_string"}],"inLanguage":"en-US"},{"@type":"WebPage","@id":"https:\/\/milhua.com.pe\/politica-de-devoluciones-y-reembolsos\/#webpage","url":"https:\/\/milhua.com.pe\/politica-de-devoluciones-y-reembolsos\/","name":"Pol\u00edtica de devoluciones y reembolsos - MILHUA","isPartOf":{"@id":"https:\/\/milhua.com.pe\/#website"},"datePublished":"2022-08-31T23:07:28+00:00","dateModified":"2022-08-31T23:10:27+00:00","breadcrumb":{"@id":"https:\/\/milhua.com.pe\/politica-de-devoluciones-y-reembolsos\/#breadcrumb"},"inLanguage":"en-US","potentialAction":[{"@type":"ReadAction","target":["https:\/\/milhua.com.pe\/politica-de-devoluciones-y-reembolsos\/"]}]},{"@type":"BreadcrumbList","@id":"https:\/\/milhua.com.pe\/politica-de-devoluciones-y-reembolsos\/#breadcrumb","itemListElement":[{"@type":"ListItem","position":1,"name":"Pol\u00edtica de devoluciones y reembolsos"}]}]}},"_links":{"self":[{"href":"https:\/\/milhua.com.pe\/en\/wp-json\/wp\/v2\/pages\/1021"}],"collection":[{"href":"https:\/\/milhua.com.pe\/en\/wp-json\/wp\/v2\/pages"}],"about":[{"href":"https:\/\/milhua.com.pe\/en\/wp-json\/wp\/v2\/types\/page"}],"author":[{"embeddable":true,"href":"https:\/\/milhua.com.pe\/en\/wp-json\/wp\/v2\/users\/1"}],"replies":[{"embeddable":true,"href":"https:\/\/milhua.com.pe\/en\/wp-json\/wp\/v2\/comments?post=1021"}],"version-history":[{"count":2,"href":"https:\/\/milhua.com.pe\/en\/wp-json\/wp\/v2\/pages\/1021\/revisions"}],"predecessor-version":[{"id":5851,"href":"https:\/\/milhua.com.pe\/en\/wp-json\/wp\/v2\/pages\/1021\/revisions\/5851"}],"wp:attachment":[{"href":"https:\/\/milhua.com.pe\/en\/wp-json\/wp\/v2\/media?parent=1021"}],"curies":[{"name":"wp","href":"https:\/\/api.w.org\/{rel}","templated":true}]}}